{"id":2127,"date":"2024-09-05T10:25:32","date_gmt":"2024-09-05T07:25:32","guid":{"rendered":"https:\/\/heddabp.fi\/?page_id=2127"},"modified":"2025-06-19T19:08:21","modified_gmt":"2025-06-19T16:08:21","slug":"interim","status":"publish","type":"page","link":"https:\/\/heddabp.fi\/en\/palvelumme\/interim\/","title":{"rendered":"System development projects"},"content":{"rendered":"<div data-elementor-type=\"wp-page\" data-elementor-id=\"2127\" class=\"elementor elementor-2127\" data-elementor-post-type=\"page\">\n\t\t\t\t<div class=\"elementor-element elementor-element-2d9b06a e-flex e-con-boxed e-con e-parent\" data-id=\"2d9b06a\" data-element_type=\"container\" data-settings=\"{&quot;jet_parallax_layout_list&quot;:[]}\">\n\t\t\t\t\t<div class=\"e-con-inner\">\n\t\t<div class=\"elementor-element elementor-element-f08baad e-con-full e-flex e-con e-child\" data-id=\"f08baad\" data-element_type=\"container\" data-settings=\"{&quot;background_background&quot;:&quot;classic&quot;,&quot;jet_parallax_layout_list&quot;:[]}\">\n\t\t\t\t<\/div>\n\t\t<div class=\"elementor-element elementor-element-459aaf3 e-con-full e-flex e-con e-child\" data-id=\"459aaf3\" data-element_type=\"container\" data-settings=\"{&quot;jet_parallax_layout_list&quot;:[]}\">\n\t\t\t\t<div class=\"elementor-element elementor-element-33038d0 elementor-widget elementor-widget-heading\" data-id=\"33038d0\" data-element_type=\"widget\" data-widget_type=\"heading.default\">\n\t\t\t\t<div class=\"elementor-widget-container\">\n\t\t\t<h3 class=\"elementor-heading-title elementor-size-default\">System development projects<\/h3>\t\t<\/div>\n\t\t\t\t<\/div>\n\t\t\t\t<div class=\"elementor-element elementor-element-72f2880 elementor-widget elementor-widget-text-editor\" data-id=\"72f2880\" data-element_type=\"widget\" data-widget_type=\"text-editor.default\">\n\t\t\t\t<div class=\"elementor-widget-container\">\n\t\t\t\t\t\t\t<p>We support our customers in system projects by ensuring that technology aligns with their business objectives. We act as project managers, subject matter experts, or change leaders in system implementations related to finance, reporting, or enterprise resource planning. We take care of project planning, scheduling, and stakeholder coordination, and ensure a smooth go-live. By combining business insight with technical expertise, we ensure the system delivers real value. Our goal is to make system changes manageable, efficient, and impactful.<\/p>\t\t\t\t\t\t<\/div>\n\t\t\t\t<\/div>\n\t\t\t\t<div class=\"elementor-element elementor-element-aa150fd elementor-align-left elementor-widget-laptop__width-initial elementor-widget elementor-widget-button\" data-id=\"aa150fd\" data-element_type=\"widget\" data-widget_type=\"button.default\">\n\t\t\t\t<div class=\"elementor-widget-container\">\n\t\t\t\t\t<div class=\"elementor-button-wrapper\">\n\t\t\t<a class=\"elementor-button elementor-button-link elementor-size-sm\" href=\"https:\/\/heddabp.fi\/en\/palvelumme\/#palvelut\">\n\t\t\t\t\t\t<span class=\"elementor-button-content-wrapper\">\n\t\t\t\t\t\t\t\t\t<span class=\"elementor-button-text\">Back to services<\/span>\n\t\t\t\t\t<\/span>\n\t\t\t\t\t<\/a>\n\t\t<\/div>\n\t\t\t\t<\/div>\n\t\t\t\t<\/div>\n\t\t\t\t<\/div>\n\t\t\t\t\t<\/div>\n\t\t\t\t<\/div>\n\t\t\t\t<\/div>","protected":false},"excerpt":{"rendered":"<p>J\u00e4rjestelm\u00e4projektit Tuemme asiakkaitamme j\u00e4rjestelm\u00e4projekteissa varmistamalla, ett\u00e4 teknologia palvelee liiketoiminnan tavoitteita. Toimimme projektip\u00e4\u00e4llikk\u00f6in\u00e4, asiantuntijoina tai muutosjohtajina esimerkiksi taloushallinnon, raportoinnin tai toiminnanohjauksen j\u00e4rjestelm\u00e4hankkeissa. Huolehdimme projektin suunnittelusta, aikataulutuksesta ja sidosryhm\u00e4yhteisty\u00f6st\u00e4 sek\u00e4 varmistamme sujuvan k\u00e4ytt\u00f6\u00f6noton. Yhdist\u00e4mme liiketoimintaymm\u00e4rryksen ja teknisen osaamisen, jotta j\u00e4rjestelm\u00e4projekti tuottaa todellista arvoa. Tavoitteemme on tehd\u00e4 j\u00e4rjestelm\u00e4muutoksista hallittavia, tehokkaita ja vaikuttavia. Takaisin palveluihin<\/p>","protected":false},"author":3,"featured_media":0,"parent":401,"menu_order":0,"comment_status":"closed","ping_status":"closed","template":"","meta":{"rank_math_lock_modified_date":false,"_monsterinsights_skip_tracking":false,"_monsterinsights_sitenote_active":false,"_monsterinsights_sitenote_note":"","_monsterinsights_sitenote_category":0,"footnotes":""},"class_list":["post-2127","page","type-page","status-publish","hentry"],"_links":{"self":[{"href":"https:\/\/heddabp.fi\/en\/wp-json\/wp\/v2\/pages\/2127"}],"collection":[{"href":"https:\/\/heddabp.fi\/en\/wp-json\/wp\/v2\/pages"}],"about":[{"href":"https:\/\/heddabp.fi\/en\/wp-json\/wp\/v2\/types\/page"}],"author":[{"embeddable":true,"href":"https:\/\/heddabp.fi\/en\/wp-json\/wp\/v2\/users\/3"}],"replies":[{"embeddable":true,"href":"https:\/\/heddabp.fi\/en\/wp-json\/wp\/v2\/comments?post=2127"}],"version-history":[{"count":87,"href":"https:\/\/heddabp.fi\/en\/wp-json\/wp\/v2\/pages\/2127\/revisions"}],"predecessor-version":[{"id":4865,"href":"https:\/\/heddabp.fi\/en\/wp-json\/wp\/v2\/pages\/2127\/revisions\/4865"}],"up":[{"embeddable":true,"href":"https:\/\/heddabp.fi\/en\/wp-json\/wp\/v2\/pages\/401"}],"wp:attachment":[{"href":"https:\/\/heddabp.fi\/en\/wp-json\/wp\/v2\/media?parent=2127"}],"curies":[{"name":"wp","href":"https:\/\/api.w.org\/{rel}","templated":true}]}}