{"id":2162,"date":"2024-09-05T10:48:30","date_gmt":"2024-09-05T07:48:30","guid":{"rendered":"https:\/\/heddabp.fi\/?page_id=2162"},"modified":"2025-06-26T15:13:49","modified_gmt":"2025-06-26T12:13:49","slug":"talous","status":"publish","type":"page","link":"https:\/\/heddabp.fi\/en\/talous\/","title":{"rendered":"Interim CFO"},"content":{"rendered":"<div data-elementor-type=\"wp-page\" data-elementor-id=\"2162\" class=\"elementor elementor-2162\" data-elementor-post-type=\"page\">\n\t\t\t\t<div class=\"elementor-element elementor-element-2d9b06a e-flex e-con-boxed e-con e-parent\" data-id=\"2d9b06a\" data-element_type=\"container\" data-settings=\"{&quot;jet_parallax_layout_list&quot;:[]}\">\n\t\t\t\t\t<div class=\"e-con-inner\">\n\t\t<div class=\"elementor-element elementor-element-f08baad e-con-full e-flex e-con e-child\" data-id=\"f08baad\" data-element_type=\"container\" data-settings=\"{&quot;background_background&quot;:&quot;classic&quot;,&quot;jet_parallax_layout_list&quot;:[]}\">\n\t\t\t\t<\/div>\n\t\t<div class=\"elementor-element elementor-element-459aaf3 e-con-full e-flex e-con e-child\" data-id=\"459aaf3\" data-element_type=\"container\" data-settings=\"{&quot;jet_parallax_layout_list&quot;:[]}\">\n\t\t\t\t<div class=\"elementor-element elementor-element-72f2880 elementor-widget elementor-widget-text-editor\" data-id=\"72f2880\" data-element_type=\"widget\" data-widget_type=\"text-editor.default\">\n\t\t\t\t<div class=\"elementor-widget-container\">\n\t\t\t\t\t\t\t<p>We offer flexible interim CFO services for situations where a company needs experienced financial leadership quickly and on a temporary basis.\u00a0<\/p><p>We support organizations in strategic financial leadership, reporting, and decision-making.\nIn an interim role, we bring deep expertise and the ability to take action immediately. We work closely with management and key stakeholders to ensure smooth day-to-day financial operations and ongoing development. Our goal is to bring stability, clarity, and continuity during times of change.<\/p>\t\t\t\t\t\t<\/div>\n\t\t\t\t<\/div>\n\t\t\t\t<div class=\"elementor-element elementor-element-aa150fd elementor-align-left elementor-widget-laptop__width-initial elementor-widget elementor-widget-button\" data-id=\"aa150fd\" data-element_type=\"widget\" data-widget_type=\"button.default\">\n\t\t\t\t<div class=\"elementor-widget-container\">\n\t\t\t\t\t<div class=\"elementor-button-wrapper\">\n\t\t\t<a class=\"elementor-button elementor-button-link elementor-size-sm\" href=\"https:\/\/heddabp.fi\/en\/palvelumme\/#palvelut\">\n\t\t\t\t\t\t<span class=\"elementor-button-content-wrapper\">\n\t\t\t\t\t\t\t\t\t<span class=\"elementor-button-text\">Back to services<\/span>\n\t\t\t\t\t<\/span>\n\t\t\t\t\t<\/a>\n\t\t<\/div>\n\t\t\t\t<\/div>\n\t\t\t\t<\/div>\n\t\t\t\t<\/div>\n\t\t\t\t\t<\/div>\n\t\t\t\t<\/div>\n\t\t\t\t<\/div>","protected":false},"excerpt":{"rendered":"<p>Toimimme joustavasti interim-talousjohtajana tilanteissa, joissa yritys tarvitsee kokenutta talousosaajaa nopeasti ja tilap\u00e4isesti.\u00a0 Tuemme organisaatiota strategisessa talousjohtamisessa, raportoinnissa ja p\u00e4\u00e4t\u00f6ksenteossa. Interim-roolissa tuomme mukanamme vahvan asiantuntemuksen ja kyvyn tarttua toimeen heti. Toimimme tiiviiss\u00e4 yhteisty\u00f6ss\u00e4 johdon ja sidosryhmien kanssa varmistaen talouden sujuvan arjen ja kehityksen. Tavoitteemme on tuoda vakautta, selkeytt\u00e4 ja jatkuvuutta muutostilanteisiin. Takaisin palveluihin<\/p>","protected":false},"author":3,"featured_media":0,"parent":0,"menu_order":0,"comment_status":"closed","ping_status":"closed","template":"","meta":{"rank_math_lock_modified_date":false,"_monsterinsights_skip_tracking":false,"_monsterinsights_sitenote_active":false,"_monsterinsights_sitenote_note":"","_monsterinsights_sitenote_category":0,"footnotes":""},"class_list":["post-2162","page","type-page","status-publish","hentry"],"_links":{"self":[{"href":"https:\/\/heddabp.fi\/en\/wp-json\/wp\/v2\/pages\/2162"}],"collection":[{"href":"https:\/\/heddabp.fi\/en\/wp-json\/wp\/v2\/pages"}],"about":[{"href":"https:\/\/heddabp.fi\/en\/wp-json\/wp\/v2\/types\/page"}],"author":[{"embeddable":true,"href":"https:\/\/heddabp.fi\/en\/wp-json\/wp\/v2\/users\/3"}],"replies":[{"embeddable":true,"href":"https:\/\/heddabp.fi\/en\/wp-json\/wp\/v2\/comments?post=2162"}],"version-history":[{"count":48,"href":"https:\/\/heddabp.fi\/en\/wp-json\/wp\/v2\/pages\/2162\/revisions"}],"predecessor-version":[{"id":4897,"href":"https:\/\/heddabp.fi\/en\/wp-json\/wp\/v2\/pages\/2162\/revisions\/4897"}],"wp:attachment":[{"href":"https:\/\/heddabp.fi\/en\/wp-json\/wp\/v2\/media?parent=2162"}],"curies":[{"name":"wp","href":"https:\/\/api.w.org\/{rel}","templated":true}]}}