{"id":2167,"date":"2024-09-05T10:49:08","date_gmt":"2024-09-05T07:49:08","guid":{"rendered":"https:\/\/heddabp.fi\/?page_id=2167"},"modified":"2025-06-26T15:11:37","modified_gmt":"2025-06-26T12:11:37","slug":"organisaatiosuunnittelu","status":"publish","type":"page","link":"https:\/\/heddabp.fi\/en\/organisaatiosuunnittelu\/","title":{"rendered":"Finance projects"},"content":{"rendered":"<div data-elementor-type=\"wp-page\" data-elementor-id=\"2167\" class=\"elementor elementor-2167\" data-elementor-post-type=\"page\">\n\t\t\t\t<div class=\"elementor-element elementor-element-2d9b06a e-flex e-con-boxed e-con e-parent\" data-id=\"2d9b06a\" data-element_type=\"container\" data-settings=\"{&quot;jet_parallax_layout_list&quot;:[]}\">\n\t\t\t\t\t<div class=\"e-con-inner\">\n\t\t<div class=\"elementor-element elementor-element-f08baad e-con-full e-flex e-con e-child\" data-id=\"f08baad\" data-element_type=\"container\" data-settings=\"{&quot;background_background&quot;:&quot;classic&quot;,&quot;jet_parallax_layout_list&quot;:[]}\">\n\t\t\t\t<\/div>\n\t\t<div class=\"elementor-element elementor-element-459aaf3 e-con-full e-flex e-con e-child\" data-id=\"459aaf3\" data-element_type=\"container\" data-settings=\"{&quot;jet_parallax_layout_list&quot;:[]}\">\n\t\t\t\t<div class=\"elementor-element elementor-element-72f2880 elementor-widget elementor-widget-text-editor\" data-id=\"72f2880\" data-element_type=\"widget\" data-widget_type=\"text-editor.default\">\n\t\t\t\t<div class=\"elementor-widget-container\">\n\t\t\t\t\t\t\t<p>We deliver financial project assignments that bring clarity, efficiency, and support for business decision-making.\u00a0<\/p><p>Typical assignments include budgeting, cash flow forecasting, financial process development, and reporting renewal. Each project is tailored to the client\u2019s needs and delivered in an agile, collaborative manner. We bring expertise, a hands-on approach, and the ability to get things done. Our goal is to deliver tangible results and strengthen the client\u2019s financial management capabilities.<\/p>\t\t\t\t\t\t<\/div>\n\t\t\t\t<\/div>\n\t\t\t\t<div class=\"elementor-element elementor-element-aa150fd elementor-align-left elementor-widget-laptop__width-initial elementor-widget elementor-widget-button\" data-id=\"aa150fd\" data-element_type=\"widget\" data-widget_type=\"button.default\">\n\t\t\t\t<div class=\"elementor-widget-container\">\n\t\t\t\t\t<div class=\"elementor-button-wrapper\">\n\t\t\t<a class=\"elementor-button elementor-button-link elementor-size-sm\" href=\"https:\/\/heddabp.fi\/en\/palvelumme\/#palvelut\">\n\t\t\t\t\t\t<span class=\"elementor-button-content-wrapper\">\n\t\t\t\t\t\t\t\t\t<span class=\"elementor-button-text\">Back to services<\/span>\n\t\t\t\t\t<\/span>\n\t\t\t\t\t<\/a>\n\t\t<\/div>\n\t\t\t\t<\/div>\n\t\t\t\t<\/div>\n\t\t\t\t<\/div>\n\t\t\t\t\t<\/div>\n\t\t\t\t<\/div>\n\t\t\t\t<\/div>","protected":false},"excerpt":{"rendered":"<p>Toteutamme talouden projektitoimeksiantoja, jotka tuovat selkeytt\u00e4, tehokkuutta ja tukea liiketoiminnan p\u00e4\u00e4t\u00f6ksentekoon.\u00a0 Tyypillisi\u00e4 toimeksiantoja ovat esimerkiksi budjetointi, kassavirtaennusteet, talousprosessien kehitt\u00e4minen ja raportoinnin uudistaminen. Projektit suunnitellaan aina asiakasl\u00e4ht\u00f6isesti ja toteutetaan ketter\u00e4sti, yhteisty\u00f6ss\u00e4 organisaation kanssa. Tuomme mukanamme asiantuntemusta, k\u00e4yt\u00e4nn\u00f6nl\u00e4heisyytt\u00e4 ja kyvyn vied\u00e4 asiat maaliin. Tavoitteemme on tuottaa konkreettisia tuloksia ja vahvistaa asiakkaan taloushallinnon toimintakyky\u00e4. Takaisin palveluihin<\/p>","protected":false},"author":3,"featured_media":0,"parent":0,"menu_order":0,"comment_status":"closed","ping_status":"closed","template":"","meta":{"rank_math_lock_modified_date":false,"_monsterinsights_skip_tracking":false,"_monsterinsights_sitenote_active":false,"_monsterinsights_sitenote_note":"","_monsterinsights_sitenote_category":0,"footnotes":""},"class_list":["post-2167","page","type-page","status-publish","hentry"],"_links":{"self":[{"href":"https:\/\/heddabp.fi\/en\/wp-json\/wp\/v2\/pages\/2167"}],"collection":[{"href":"https:\/\/heddabp.fi\/en\/wp-json\/wp\/v2\/pages"}],"about":[{"href":"https:\/\/heddabp.fi\/en\/wp-json\/wp\/v2\/types\/page"}],"author":[{"embeddable":true,"href":"https:\/\/heddabp.fi\/en\/wp-json\/wp\/v2\/users\/3"}],"replies":[{"embeddable":true,"href":"https:\/\/heddabp.fi\/en\/wp-json\/wp\/v2\/comments?post=2167"}],"version-history":[{"count":47,"href":"https:\/\/heddabp.fi\/en\/wp-json\/wp\/v2\/pages\/2167\/revisions"}],"predecessor-version":[{"id":4896,"href":"https:\/\/heddabp.fi\/en\/wp-json\/wp\/v2\/pages\/2167\/revisions\/4896"}],"wp:attachment":[{"href":"https:\/\/heddabp.fi\/en\/wp-json\/wp\/v2\/media?parent=2167"}],"curies":[{"name":"wp","href":"https:\/\/api.w.org\/{rel}","templated":true}]}}