{"id":2172,"date":"2024-09-05T10:49:40","date_gmt":"2024-09-05T07:49:40","guid":{"rendered":"https:\/\/heddabp.fi\/?page_id=2172"},"modified":"2025-06-19T19:00:38","modified_gmt":"2025-06-19T16:00:38","slug":"soveltuvuusarvioinnit","status":"publish","type":"page","link":"https:\/\/heddabp.fi\/en\/soveltuvuusarvioinnit\/","title":{"rendered":"Organisation development projects"},"content":{"rendered":"<div data-elementor-type=\"wp-page\" data-elementor-id=\"2172\" class=\"elementor elementor-2172\" data-elementor-post-type=\"page\">\n\t\t\t\t<div class=\"elementor-element elementor-element-2d9b06a e-flex e-con-boxed e-con e-parent\" data-id=\"2d9b06a\" data-element_type=\"container\" data-settings=\"{&quot;jet_parallax_layout_list&quot;:[]}\">\n\t\t\t\t\t<div class=\"e-con-inner\">\n\t\t<div class=\"elementor-element elementor-element-f08baad e-con-full e-flex e-con e-child\" data-id=\"f08baad\" data-element_type=\"container\" data-settings=\"{&quot;background_background&quot;:&quot;classic&quot;,&quot;jet_parallax_layout_list&quot;:[]}\">\n\t\t\t\t<\/div>\n\t\t<div class=\"elementor-element elementor-element-459aaf3 e-con-full e-flex e-con e-child\" data-id=\"459aaf3\" data-element_type=\"container\" data-settings=\"{&quot;jet_parallax_layout_list&quot;:[]}\">\n\t\t\t\t<div class=\"elementor-element elementor-element-72f2880 elementor-widget elementor-widget-text-editor\" data-id=\"72f2880\" data-element_type=\"widget\" data-widget_type=\"text-editor.default\">\n\t\t\t\t<div class=\"elementor-widget-container\">\n\t\t\t\t\t\t\t<p>We support organisations in development projects aimed at improving efficiency, clarifying structures, and driving change.\u00a0<\/p><p>We provide expert support in organisational change and design structures that align with strategy. We bring an external perspective, facilitate collaboration, and ensure that development progresses in a goal-oriented way. Working closely with both leadership and staff, we help embed change into everyday operations. Our aim is to build sustainable solutions that support the organisation\u2019s long-term success.<\/p>\t\t\t\t\t\t<\/div>\n\t\t\t\t<\/div>\n\t\t\t\t<div class=\"elementor-element elementor-element-aa150fd elementor-align-left elementor-widget-laptop__width-initial elementor-widget elementor-widget-button\" data-id=\"aa150fd\" data-element_type=\"widget\" data-widget_type=\"button.default\">\n\t\t\t\t<div class=\"elementor-widget-container\">\n\t\t\t\t\t<div class=\"elementor-button-wrapper\">\n\t\t\t<a class=\"elementor-button elementor-button-link elementor-size-sm\" href=\"https:\/\/heddabp.fi\/en\/palvelumme\/#palvelut\">\n\t\t\t\t\t\t<span class=\"elementor-button-content-wrapper\">\n\t\t\t\t\t\t\t\t\t<span class=\"elementor-button-text\">Back to services<\/span>\n\t\t\t\t\t<\/span>\n\t\t\t\t\t<\/a>\n\t\t<\/div>\n\t\t\t\t<\/div>\n\t\t\t\t<\/div>\n\t\t\t\t<\/div>\n\t\t\t\t\t<\/div>\n\t\t\t\t<\/div>\n\t\t\t\t<\/div>","protected":false},"excerpt":{"rendered":"<p>Tuemme organisaatioita kehitysprojekteissa, jotka t\u00e4ht\u00e4\u00e4v\u00e4t toiminnan tehostamiseen, rakenteiden selkeytt\u00e4miseen ja muutoksen l\u00e4pivientiin.\u00a0 Toimimme\u00a0 asiantuntijatukena\u00a0 organisaatiomuutoksissa ja luomme strategianmukaisia organisaatiorakenteita. Tuomme ulkopuolista n\u00e4kemyst\u00e4, fasilitoimme yhteisty\u00f6t\u00e4 ja varmistamme, ett\u00e4 kehitysty\u00f6 etenee tavoitteellisesti. Ty\u00f6skentelemme tiiviisti johdon ja henkil\u00f6st\u00f6n kanssa, jotta muutos juurtuu arkeen. Tavoitteemme on rakentaa kest\u00e4vi\u00e4 ratkaisuja, jotka tukevat organisaation pitk\u00e4n aikav\u00e4lin menestyst\u00e4. Takaisin palveluihin<\/p>","protected":false},"author":3,"featured_media":0,"parent":0,"menu_order":0,"comment_status":"closed","ping_status":"closed","template":"","meta":{"rank_math_lock_modified_date":false,"_monsterinsights_skip_tracking":false,"_monsterinsights_sitenote_active":false,"_monsterinsights_sitenote_note":"","_monsterinsights_sitenote_category":0,"footnotes":""},"class_list":["post-2172","page","type-page","status-publish","hentry"],"_links":{"self":[{"href":"https:\/\/heddabp.fi\/en\/wp-json\/wp\/v2\/pages\/2172"}],"collection":[{"href":"https:\/\/heddabp.fi\/en\/wp-json\/wp\/v2\/pages"}],"about":[{"href":"https:\/\/heddabp.fi\/en\/wp-json\/wp\/v2\/types\/page"}],"author":[{"embeddable":true,"href":"https:\/\/heddabp.fi\/en\/wp-json\/wp\/v2\/users\/3"}],"replies":[{"embeddable":true,"href":"https:\/\/heddabp.fi\/en\/wp-json\/wp\/v2\/comments?post=2172"}],"version-history":[{"count":28,"href":"https:\/\/heddabp.fi\/en\/wp-json\/wp\/v2\/pages\/2172\/revisions"}],"predecessor-version":[{"id":4862,"href":"https:\/\/heddabp.fi\/en\/wp-json\/wp\/v2\/pages\/2172\/revisions\/4862"}],"wp:attachment":[{"href":"https:\/\/heddabp.fi\/en\/wp-json\/wp\/v2\/media?parent=2172"}],"curies":[{"name":"wp","href":"https:\/\/api.w.org\/{rel}","templated":true}]}}