{"id":2177,"date":"2024-09-05T10:50:19","date_gmt":"2024-09-05T07:50:19","guid":{"rendered":"https:\/\/heddabp.fi\/?page_id=2177"},"modified":"2025-09-05T13:51:55","modified_gmt":"2025-09-05T10:51:55","slug":"interim-projektipaallikko","status":"publish","type":"page","link":"https:\/\/heddabp.fi\/en\/interim-projektipaallikko\/","title":{"rendered":"Interim PMO"},"content":{"rendered":"<div data-elementor-type=\"wp-page\" data-elementor-id=\"2177\" class=\"elementor elementor-2177\" data-elementor-post-type=\"page\">\n\t\t\t\t<div class=\"elementor-element elementor-element-2d9b06a e-flex e-con-boxed e-con e-parent\" data-id=\"2d9b06a\" data-element_type=\"container\" data-settings=\"{&quot;jet_parallax_layout_list&quot;:[]}\">\n\t\t\t\t\t<div class=\"e-con-inner\">\n\t\t<div class=\"elementor-element elementor-element-f08baad e-con-full e-flex e-con e-child\" data-id=\"f08baad\" data-element_type=\"container\" data-settings=\"{&quot;background_background&quot;:&quot;classic&quot;,&quot;jet_parallax_layout_list&quot;:[]}\">\n\t\t\t\t<\/div>\n\t\t<div class=\"elementor-element elementor-element-459aaf3 e-con-full e-flex e-con e-child\" data-id=\"459aaf3\" data-element_type=\"container\" data-settings=\"{&quot;jet_parallax_layout_list&quot;:[]}\">\n\t\t\t\t<div class=\"elementor-element elementor-element-72f2880 elementor-widget elementor-widget-text-editor\" data-id=\"72f2880\" data-element_type=\"widget\" data-widget_type=\"text-editor.default\">\n\t\t\t\t<div class=\"elementor-widget-container\">\n\t\t\t\t\t\t\t<p>We support organisations with interim Project Manager during times of change and in demanding development initiatives.\u00a0<\/p><p>We step into projects quickly and ensure they progress in a structured way\u2014on time and within budget. We bring strong project management expertise and the ability to lead teams and stakeholders toward results. Our approach is hands-on and solution-oriented, keeping the project goals clear and in focus throughout. Our aim is to ensure project success and deliver value to the client from day one.<\/p>\t\t\t\t\t\t<\/div>\n\t\t\t\t<\/div>\n\t\t\t\t<div class=\"elementor-element elementor-element-aa150fd elementor-align-left elementor-widget-laptop__width-initial elementor-widget elementor-widget-button\" data-id=\"aa150fd\" data-element_type=\"widget\" data-widget_type=\"button.default\">\n\t\t\t\t<div class=\"elementor-widget-container\">\n\t\t\t\t\t<div class=\"elementor-button-wrapper\">\n\t\t\t<a class=\"elementor-button elementor-button-link elementor-size-sm\" href=\"https:\/\/heddabp.fi\/en\/palvelumme\/#palvelut\">\n\t\t\t\t\t\t<span class=\"elementor-button-content-wrapper\">\n\t\t\t\t\t\t\t\t\t<span class=\"elementor-button-text\">Back to services<\/span>\n\t\t\t\t\t<\/span>\n\t\t\t\t\t<\/a>\n\t\t<\/div>\n\t\t\t\t<\/div>\n\t\t\t\t<\/div>\n\t\t\t\t<\/div>\n\t\t\t\t\t<\/div>\n\t\t\t\t<\/div>\n\t\t\t\t<\/div>","protected":false},"excerpt":{"rendered":"<p>Tuemme organisaatioita interim-projektip\u00e4\u00e4llik\u00f6ll\u00e4 muutostilanteissa ja vaativissa kehityshankkeissa.\u00a0 Astumme nopeasti mukaan projekteihin ja varmistamme niiden suunnitelmallisen etenemisen aikataulussa ja budjetissa. Tuomme mukanamme vahvan projektijohtamisen osaamisen sek\u00e4 kyvyn johtaa tiimej\u00e4 ja sidosryhmi\u00e4 tuloksellisesti. Toimimme k\u00e4yt\u00e4nn\u00f6nl\u00e4heisesti ja ratkaisukeskeisesti, pit\u00e4en projektin tavoitteet kirkkaana koko matkan ajan. Tavoitteemme on varmistaa projektin onnistuminen ja tuoda asiakkaalle lis\u00e4arvoa heti ensimm\u00e4isest\u00e4 p\u00e4iv\u00e4st\u00e4 l\u00e4htien. [&hellip;]<\/p>","protected":false},"author":3,"featured_media":0,"parent":0,"menu_order":0,"comment_status":"closed","ping_status":"closed","template":"","meta":{"rank_math_lock_modified_date":false,"_monsterinsights_skip_tracking":false,"_monsterinsights_sitenote_active":false,"_monsterinsights_sitenote_note":"","_monsterinsights_sitenote_category":0,"footnotes":""},"class_list":["post-2177","page","type-page","status-publish","hentry"],"_links":{"self":[{"href":"https:\/\/heddabp.fi\/en\/wp-json\/wp\/v2\/pages\/2177"}],"collection":[{"href":"https:\/\/heddabp.fi\/en\/wp-json\/wp\/v2\/pages"}],"about":[{"href":"https:\/\/heddabp.fi\/en\/wp-json\/wp\/v2\/types\/page"}],"author":[{"embeddable":true,"href":"https:\/\/heddabp.fi\/en\/wp-json\/wp\/v2\/users\/3"}],"replies":[{"embeddable":true,"href":"https:\/\/heddabp.fi\/en\/wp-json\/wp\/v2\/comments?post=2177"}],"version-history":[{"count":45,"href":"https:\/\/heddabp.fi\/en\/wp-json\/wp\/v2\/pages\/2177\/revisions"}],"predecessor-version":[{"id":4917,"href":"https:\/\/heddabp.fi\/en\/wp-json\/wp\/v2\/pages\/2177\/revisions\/4917"}],"wp:attachment":[{"href":"https:\/\/heddabp.fi\/en\/wp-json\/wp\/v2\/media?parent=2177"}],"curies":[{"name":"wp","href":"https:\/\/api.w.org\/{rel}","templated":true}]}}