{"id":2182,"date":"2024-09-05T10:51:12","date_gmt":"2024-09-05T07:51:12","guid":{"rendered":"https:\/\/heddabp.fi\/?page_id=2182"},"modified":"2025-09-05T13:55:11","modified_gmt":"2025-09-05T10:55:11","slug":"kehitysjohtaja","status":"publish","type":"page","link":"https:\/\/heddabp.fi\/en\/kehitysjohtaja\/","title":{"rendered":"Interim Development Director"},"content":{"rendered":"<div data-elementor-type=\"wp-page\" data-elementor-id=\"2182\" class=\"elementor elementor-2182\" data-elementor-post-type=\"page\">\n\t\t\t\t<div class=\"elementor-element elementor-element-2d9b06a e-flex e-con-boxed e-con e-parent\" data-id=\"2d9b06a\" data-element_type=\"container\" data-settings=\"{&quot;jet_parallax_layout_list&quot;:[]}\">\n\t\t\t\t\t<div class=\"e-con-inner\">\n\t\t<div class=\"elementor-element elementor-element-f08baad e-con-full e-flex e-con e-child\" data-id=\"f08baad\" data-element_type=\"container\" data-settings=\"{&quot;background_background&quot;:&quot;classic&quot;,&quot;jet_parallax_layout_list&quot;:[]}\">\n\t\t\t\t<\/div>\n\t\t<div class=\"elementor-element elementor-element-459aaf3 e-con-full e-flex e-con e-child\" data-id=\"459aaf3\" data-element_type=\"container\" data-settings=\"{&quot;jet_parallax_layout_list&quot;:[]}\">\n\t\t\t\t<div class=\"elementor-element elementor-element-72f2880 elementor-widget elementor-widget-text-editor\" data-id=\"72f2880\" data-element_type=\"widget\" data-widget_type=\"text-editor.default\">\n\t\t\t\t<div class=\"elementor-widget-container\">\n\t\t\t\t\t\t\t<p>We offer interim development leadership for situations that require strong strategic direction and hands-on expertise in business transformation.<\/p><p>We step into the organisation\u2019s day-to-day operations and lead development initiatives, change processes, or business transformation with clear objectives and measurable outcomes. We bring an external perspective, design clear operating models, and support staff throughout the change. Working closely with leadership, we ensure that development efforts are aligned with strategic business goals. Our aim is to accelerate progress and deliver lasting results.<\/p>\t\t\t\t\t\t<\/div>\n\t\t\t\t<\/div>\n\t\t\t\t<div class=\"elementor-element elementor-element-aa150fd elementor-align-left elementor-widget-laptop__width-initial elementor-widget elementor-widget-button\" data-id=\"aa150fd\" data-element_type=\"widget\" data-widget_type=\"button.default\">\n\t\t\t\t<div class=\"elementor-widget-container\">\n\t\t\t\t\t<div class=\"elementor-button-wrapper\">\n\t\t\t<a class=\"elementor-button elementor-button-link elementor-size-sm\" href=\"https:\/\/heddabp.fi\/en\/palvelumme\/#palvelut\">\n\t\t\t\t\t\t<span class=\"elementor-button-content-wrapper\">\n\t\t\t\t\t\t\t\t\t<span class=\"elementor-button-text\">Back to services<\/span>\n\t\t\t\t\t<\/span>\n\t\t\t\t\t<\/a>\n\t\t<\/div>\n\t\t\t\t<\/div>\n\t\t\t\t<\/div>\n\t\t\t\t<\/div>\n\t\t\t\t\t<\/div>\n\t\t\t\t<\/div>\n\t\t\t\t<\/div>","protected":false},"excerpt":{"rendered":"<p>Tarjoamme interim kehitysjohtajaa tilanteisiin, joissa tarvitaan vahvaa strategista otetta ja k\u00e4yt\u00e4nn\u00f6n kehitt\u00e4misosaamista. Astumme mukaan organisaation arkeen ja johdamme kehityshankkeita, muutosprosesseja tai liiketoiminnan uudistamista tavoitteellisesti ja tuloksellisesti. Tuomme ulkopuolista n\u00e4kemyst\u00e4, rakennamme selkeit\u00e4 toimintamalleja ja tuemme henkil\u00f6st\u00f6\u00e4 muutoksessa. Toimimme tiiviiss\u00e4 yhteisty\u00f6ss\u00e4 johdon kanssa varmistaen, ett\u00e4 kehitysty\u00f6 linkittyy liiketoiminnan tavoitteisiin. Tavoitteemme on vauhdittaa kehityst\u00e4 ja j\u00e4tt\u00e4\u00e4 pysyvi\u00e4 tuloksia. [&hellip;]<\/p>","protected":false},"author":3,"featured_media":0,"parent":0,"menu_order":0,"comment_status":"closed","ping_status":"closed","template":"","meta":{"rank_math_lock_modified_date":false,"_monsterinsights_skip_tracking":false,"_monsterinsights_sitenote_active":false,"_monsterinsights_sitenote_note":"","_monsterinsights_sitenote_category":0,"footnotes":""},"class_list":["post-2182","page","type-page","status-publish","hentry"],"_links":{"self":[{"href":"https:\/\/heddabp.fi\/en\/wp-json\/wp\/v2\/pages\/2182"}],"collection":[{"href":"https:\/\/heddabp.fi\/en\/wp-json\/wp\/v2\/pages"}],"about":[{"href":"https:\/\/heddabp.fi\/en\/wp-json\/wp\/v2\/types\/page"}],"author":[{"embeddable":true,"href":"https:\/\/heddabp.fi\/en\/wp-json\/wp\/v2\/users\/3"}],"replies":[{"embeddable":true,"href":"https:\/\/heddabp.fi\/en\/wp-json\/wp\/v2\/comments?post=2182"}],"version-history":[{"count":61,"href":"https:\/\/heddabp.fi\/en\/wp-json\/wp\/v2\/pages\/2182\/revisions"}],"predecessor-version":[{"id":4899,"href":"https:\/\/heddabp.fi\/en\/wp-json\/wp\/v2\/pages\/2182\/revisions\/4899"}],"wp:attachment":[{"href":"https:\/\/heddabp.fi\/en\/wp-json\/wp\/v2\/media?parent=2182"}],"curies":[{"name":"wp","href":"https:\/\/api.w.org\/{rel}","templated":true}]}}