{"id":633,"date":"2024-08-26T11:17:18","date_gmt":"2024-08-26T08:17:18","guid":{"rendered":"https:\/\/heddabp.fi\/?page_id=633"},"modified":"2024-10-22T11:09:13","modified_gmt":"2024-10-22T08:09:13","slug":"tietosuojaseloste","status":"publish","type":"page","link":"https:\/\/heddabp.fi\/en\/tietosuojaseloste\/","title":{"rendered":"Privacy notice"},"content":{"rendered":"<div data-elementor-type=\"wp-page\" data-elementor-id=\"633\" class=\"elementor elementor-633\" data-elementor-post-type=\"page\">\n\t\t\t\t<div class=\"elementor-element elementor-element-1f348780 e-flex e-con-boxed e-con e-parent\" data-id=\"1f348780\" data-element_type=\"container\" data-settings=\"{&quot;jet_parallax_layout_list&quot;:[]}\">\n\t\t\t\t\t<div class=\"e-con-inner\">\n\t\t\t\t<div class=\"elementor-element elementor-element-856a8e3 elementor-widget elementor-widget-text-editor\" data-id=\"856a8e3\" data-element_type=\"widget\" data-widget_type=\"text-editor.default\">\n\t\t\t\t<div class=\"elementor-widget-container\">\n\t\t\t\t\t\t\t<p><!-- wp:paragraph --><\/p>\n<p>Your privacy is important to us at Hedda Business Partners Oy (\"Hedda Business Partners\"). We are committed to protecting your privacy and personal data. This Privacy Notice explains how we collect and process personal data as a data controller for our clients, other persons related to our customers' assignments, potential customers, service providers and other business contacts.<\/p>\n<p><!-- \/wp:paragraph --><\/p>\n<p><!-- wp:paragraph --><\/p>\n<p>We process personal data in compliance with all personal data protection laws, including the GDPR (European Union General Data Protection Regulation (EU 2016\/679 \"Data Protection Laws\"). Our purposes for processing personal data include identifying our customers, handling assignments, managing customer relationships and marketing.<\/p>\n<p><!-- \/wp:paragraph --><\/p>\n<p><!-- wp:paragraph --><\/p>\n<p>Meill\u00e4 on lakis\u00e4\u00e4teinen velvollisuus varmistaa, ett\u00e4 tietosi pidet\u00e4\u00e4n oikeina ja ajan tasalla. Voit auttaa meit\u00e4 noudattamaan t\u00e4t\u00e4 velvoitetta tarkistamalla ja p\u00e4ivitt\u00e4m\u00e4ll\u00e4 yhteystietosi sek\u00e4 markkinointiasetuksesi ottamalla meihin yhteytt\u00e4 osoitteessa <a href=\"mailto:info@heddabp.fi\">info@heddabp.fi<\/a>.\u00a0\u00a0\u00a0\u00a0\u00a0\u00a0\u00a0\u00a0\u00a0<\/p>\n<p><strong style=\"color: var( --e-global-color-text ); font-family: var( --e-global-typography-text-font-family ), Sans-serif; text-align: var(--text-align);\">How do we collect personal data<\/strong><\/p>\n<p><!-- \/wp:paragraph --><\/p>\n<p><!-- wp:paragraph --><\/p>\n<p>We collect personal data primarily from the data subjects themselves in connection with our business operations, such as when carrying out our customers' assignments.<\/p>\n<p><!-- \/wp:paragraph --><\/p>\n<p><!-- wp:paragraph --><\/p>\n<p>The personal data we process is mainly obtained directly from our customers or other business partners, through emails and other communications and documentation provided to us (e.g. when we communicate with or meet with data subjects). We may also process personal data obtained from government agencies, credit reference service providers and publicly available registers and sources, as well as commercial databases, as well as personal data generated using our website. We may also collect personal data when administering our marketing activities and communicating with data subjects for marketing purposes, such as sending event invitations, newsletters or other news related to our services and business.<\/p>\n<p><!-- \/wp:paragraph --><\/p>\n<p><!-- wp:paragraph --><\/p>\n<p><strong>We may process the following categories of personal data:<\/strong><\/p>\n<p><!-- \/wp:paragraph --><\/p>\n<p><!-- wp:paragraph --><\/p>\n<p>a) Basic information: Name, title, telephone number, email address, connection to the customer community, such as job duties, and if necessary, personal identity code.<\/p>\n<p><!-- \/wp:paragraph --><\/p>\n<p><!-- wp:paragraph --><\/p>\n<p>b) Identification of company representatives: Name, title, telephone number, and email address.<s><\/s><\/p>\n<p><!-- \/wp:paragraph --><\/p>\n<p><!-- wp:paragraph --><\/p>\n<p>c) Customer data: information about the contractual relationship between the customer and us; Personal data obtained when we carry out an assignment and provide our services, and data needed for invoicing.<\/p>\n<p><!-- \/wp:paragraph --><\/p>\n<p><!-- wp:paragraph --><\/p>\n<p>d) Event participation: information provided for attending meetings, trainings and other events (e.g. name, email address, dietary requirements).<\/p>\n<p><!-- \/wp:paragraph --><\/p>\n<p><!-- wp:paragraph --><\/p>\n<p>e) Marketing Preferences: Information on consent or objection to direct marketing.<\/p>\n<p><!-- \/wp:paragraph --><\/p>\n<p><!-- wp:paragraph --><\/p>\n<p>f) Information automatically collected through cookies on our website as described below and, for example, whether you have opened and read our emails<\/p>\n<p><!-- \/wp:paragraph --><\/p>\n<p><!-- wp:paragraph --><\/p>\n<p><strong>Legal basis and purpose of data processing<\/strong><\/p>\n<p><!-- \/wp:paragraph --><\/p>\n<p><!-- wp:paragraph --><\/p>\n<p>The main purpose of processing personal data is to manage our business relationship with customers, based on our legitimate interest as a controller. We also process personal data to ensure that we comply with applicable laws. Additionally, we may process your personal data based on your consent for one or more specific purposes. If you provide consent, you have the right to withdraw it at any time. However, withdrawing consent for necessary personal data may affect our ability to continue our business relationship or provide services to you.<\/p>\n<p><!-- \/wp:paragraph --><\/p>\n<p><!-- wp:paragraph --><\/p>\n<p><strong>Disclosure of your Information<\/strong><\/p>\n<p><!-- \/wp:paragraph --><\/p>\n<p><!-- wp:paragraph --><\/p>\n<p>We will not disclose your personal data to third parties unless required by applicable law, to assert or defend legal claims, or to provide services to our customers.<\/p>\n<p><!-- \/wp:paragraph --><\/p>\n<p><!-- wp:paragraph --><\/p>\n<p>Meid\u00e4n on mahdollisesti sallittava tietty p\u00e4\u00e4sy henkil\u00f6tietoihisi ulkoisille palveluntarjoajillemme, jotka k\u00e4sittelev\u00e4t tietoja puolestamme (henkil\u00f6tietojen k\u00e4sittelij\u00e4t), jotta n\u00e4m\u00e4 kolmannen osapuolen palveluntarjoajat voivat suorittaa palveluita Hedda Business Partnersille. N\u00e4iden palveluntarjoajien on noudatettava ohjeitamme ja sovellettavia kirjallisia tietojenk\u00e4sittelysopimuksia sek\u00e4 muita voimassa olevia sopimuksia Hedda Business Partnersin ja sen kolmannen osapuolen palveluntarjoajien v\u00e4lill\u00e4. Niiden on my\u00f6s toteutettava asianmukaiset tekniset ja organisatoriset toimenpiteet henkil\u00f6tietojesi suojaamiseksi.<\/p>\n<p><!-- \/wp:paragraph --><\/p>\n<p><!-- wp:paragraph --><\/p>\n<p><strong>Transfers of your data<\/strong><\/p>\n<p><!-- \/wp:paragraph --><\/p>\n<p><!-- wp:paragraph --><\/p>\n<p>We primarily process personal data on servers located in the EU\/EEA. However, we may need to transfer your personal data from the EU\/EEA to a third country. When personal data is transferred to countries where local data protection laws do not provide an adequate level of data protection, we take appropriate measures under the GDPR to ensure that your personal data remains protected and secure. Such international transfers of personal data are based on the European Commission's Standard Contractual Clauses.<\/p>\n<p><!-- \/wp:paragraph --><\/p>\n<p><!-- wp:paragraph --><\/p>\n<p><strong>Data Security<\/strong><\/p>\n<p><!-- \/wp:paragraph --><\/p>\n<p><!-- wp:paragraph --><\/p>\n<p>We have implemented and maintain appropriate technical and organizational security measures to protect your personal data against accidental, unlawful or unauthorized access, use, disclosure, alteration, destruction or loss. Our systems comply with industry standards.<\/p>\n<p><!-- \/wp:paragraph --><\/p>\n<p><!-- wp:paragraph --><\/p>\n<p>Your personal data will only be processed by individuals who need it for the intended purpose it was collected. At the end of the applicable retention period, we will securely destroy your personal data in accordance with applicable laws and regulations.<\/p>\n<p><!-- \/wp:paragraph --><\/p>\n<p><!-- wp:paragraph --><\/p>\n<p><strong>Data retention<\/strong><\/p>\n<p><!-- \/wp:paragraph --><\/p>\n<p><!-- wp:paragraph --><\/p>\n<p>The retention period of personal data depends on the personal data concerned and its processing purposes. We retain your personal data only as long as necessary for the purpose for which it was collected, to fulfil our contractual obligations, or to comply with other legal requirements applicable to us or to manage the business relationship between us and the entity the data subject represents. To defend against legal claims, we may retain certain information until the end of the relevant statutory limitation period or until the claim is resolved.<\/p>\n<p><!-- \/wp:paragraph --><\/p>\n<p><!-- wp:paragraph --><\/p>\n<p>S\u00e4ilytetyt tiedot tallennetaan erikseen, eik\u00e4 niit\u00e4 k\u00e4sitell\u00e4 mihink\u00e4\u00e4n muuhun tarkoitukseen. Kun henkil\u00f6tietojasi ei en\u00e4\u00e4 tarvita, henkil\u00f6tietosi tuhotaan turvallisella tavalla tai anonymisoidaan peruuttamattomasti. Jos haluat lis\u00e4tietoja henkil\u00f6tietojesi s\u00e4ilytysajoista, ota meihin yhteytt\u00e4 <a href=\"mailto:info@heddabp.fi\">info@heddabp.fi<\/a>.<\/p>\n<p><!-- \/wp:paragraph --><\/p>\n<p><!-- wp:paragraph --><\/p>\n<p><strong>Individual rights<\/strong><\/p>\n<p><!-- \/wp:paragraph --><\/p>\n<p><!-- wp:paragraph --><\/p>\n<p>According to the GDPR, data subjects have the following rights in relation to personal data:<\/p>\n<p><!-- \/wp:paragraph --><\/p>\n<p><!-- wp:paragraph --><\/p>\n<p>a) Right of access: You have the right to request access to your personal data. This includes, among other things, the right to be informed whether it is being processed, what personal data is being processed, and what is the purpose of the processing.<\/p>\n<p><!-- \/wp:paragraph --><\/p>\n<p><!-- wp:paragraph --><\/p>\n<p>b) Right to rectification: You have the right to obtain from us the correction of inaccurate personal data concerning you without undue delay. You can also request the completion of incomplete personal data concerning you.<\/p>\n<p><!-- \/wp:paragraph --><\/p>\n<p><!-- wp:paragraph --><\/p>\n<p>c) Right to object: You have the right to object to certain processing of your personal data. We may be obliged to comply with your request, unless we can demonstrate compelling legitimate grounds for further processing of such personal data.<\/p>\n<p><!-- \/wp:paragraph --><\/p>\n<p><!-- wp:paragraph --><\/p>\n<p>d) Right to opt out of receiving marketing communications: Each of our marketing emails contains instructions on how to opt out (unsubscribe) of future marketing. You can also opt out at any time by contacting us as specified above.<\/p>\n<p><!-- \/wp:paragraph --><\/p>\n<p><!-- wp:paragraph --><\/p>\n<p>e) Right to erasure: You can request the erasure of your personal data if it is no longer needed for its original purpose or if we have processed it unlawfully.<\/p>\n<p><!-- \/wp:paragraph --><\/p>\n<p><!-- wp:paragraph --><\/p>\n<p>f) Right to restriction of processing: In certain legal situations, we may be obliged to restrict the processing of your personal data.<\/p>\n<p><!-- \/wp:paragraph --><\/p>\n<p><!-- wp:paragraph --><\/p>\n<p>g) Right to withdraw your consent: if your personal data is processed based on consent, you have the right to withdraw it at any time.<\/p>\n<p><!-- \/wp:paragraph --><\/p>\n<p><!-- wp:paragraph --><\/p>\n<p>h) Right to data portability: In certain cases, you have the right to receive all personal data processed by us in a structured, commonly used and machine-readable format, where technically feasible.<\/p>\n<p><!-- \/wp:paragraph --><\/p>\n<p><!-- wp:paragraph --><\/p>\n<p>Jos haluat k\u00e4ytt\u00e4\u00e4 oikeuksiasi, voit ottaa meihin yhteytt\u00e4 <a href=\"mailto:info@heddabp.fi\">info@heddabp.fi<\/a>. K\u00e4yt\u00e4mme kaikkia kohtuullisesti k\u00e4ytett\u00e4viss\u00e4 olevia resursseja vastataksemme t\u00e4llaisiin pyynt\u00f6ihin ilman aiheetonta viivytyst\u00e4.<\/p>\n<p><!-- \/wp:paragraph --><\/p>\n<p><!-- wp:paragraph --><\/p>\n<p>Please note that due to legal confidentiality and other legal obligations applicable to us, we may be prohibited from disclosing or deleting your personal data. This may prevent you from exercising certain data subject rights in relation to personal data related to our customer assignments, and the data subject must identify himself or herself to exercise those rights. If we have reasonable doubts about your identity, we may ask you to provide additional information to verify it. If you consider our processing of your personal data infringes applicable law, you have the right to lodge a complaint with your national supervisory authority. In Finland, the competent authority is the Data Protection Ombudsman (www.tietosuoja.fi).<\/p>\n<p><!-- \/wp:paragraph --><\/p>\n<p><!-- wp:paragraph --><\/p>\n<p><strong>Cookies<\/strong><\/p>\n<p><!-- \/wp:paragraph --><\/p>\n<p><!-- wp:paragraph --><\/p>\n<p>We use cookies on our website to enhance your browsing experience and to analyse site usage. Cookies are text files placed on your computer that allow our website to recognize it. We, or third-party web analytics services, such as Google Analytics, may use and deliver cookies from our websites to you. These cookies collect information in anonymous form and are not used to identify visitors to our website, even if the technologies used allow such identification. You can choose to accept or delete cookies by adjusting your browser settings.<\/p>\n<p><!-- \/wp:paragraph --><\/p>\n<p><!-- wp:paragraph --><\/p>\n<p><strong>Updates<\/strong><\/p>\n<p><!-- \/wp:paragraph --><\/p>\n<p><!-- wp:paragraph --><\/p>\n<p>This Privacy Statement was updated in August 2024. We may update and amend this Privacy Statement from time to time to reflect changes in our processing methods or legal requirements. Please review this Privacy Notice from time to time for any changes, as we may not notify you personally of changes unless required by law.<\/p>\n<p><!-- \/wp:paragraph --><\/p>\t\t\t\t\t\t<\/div>\n\t\t\t\t<\/div>\n\t\t\t\t\t<\/div>\n\t\t\t\t<\/div>\n\t\t\t\t<\/div>","protected":false},"excerpt":{"rendered":"<p>Yksityisyytesi on meille t\u00e4rke\u00e4\u00e4, ja me Hedda Business Partners Oy:ss\u00e4 (&#8221;Hedda Business Partners&#8221;) olemme sitoutuneet suojaamaan yksityisyytt\u00e4si ja henkil\u00f6tietojasi, ja t\u00e4ss\u00e4 tietosuojailmoituksessa kuvaamme, miten ker\u00e4\u00e4mme ja k\u00e4sittelemme asiakkaidemme ja muiden asiakkaidemme toimeksiantoihin liittyvien henkil\u00f6iden, potentiaalisten asiakkaidemme, palveluntarjoajiemme ja muiden liikekontaktiemme henkil\u00f6tietoja rekisterinpit\u00e4j\u00e4n\u00e4. K\u00e4sittelemme henkil\u00f6tietoja kaikkien henkil\u00f6tietojen suojaamista koskevien lakien mukaisesti, mukaan lukien GDPR (Euroopan unionin [&hellip;]<\/p>","protected":false},"author":3,"featured_media":0,"parent":0,"menu_order":0,"comment_status":"closed","ping_status":"closed","template":"","meta":{"rank_math_lock_modified_date":false,"_monsterinsights_skip_tracking":false,"_monsterinsights_sitenote_active":false,"_monsterinsights_sitenote_note":"","_monsterinsights_sitenote_category":0,"footnotes":""},"class_list":["post-633","page","type-page","status-publish","hentry"],"_links":{"self":[{"href":"https:\/\/heddabp.fi\/en\/wp-json\/wp\/v2\/pages\/633"}],"collection":[{"href":"https:\/\/heddabp.fi\/en\/wp-json\/wp\/v2\/pages"}],"about":[{"href":"https:\/\/heddabp.fi\/en\/wp-json\/wp\/v2\/types\/page"}],"author":[{"embeddable":true,"href":"https:\/\/heddabp.fi\/en\/wp-json\/wp\/v2\/users\/3"}],"replies":[{"embeddable":true,"href":"https:\/\/heddabp.fi\/en\/wp-json\/wp\/v2\/comments?post=633"}],"version-history":[{"count":4,"href":"https:\/\/heddabp.fi\/en\/wp-json\/wp\/v2\/pages\/633\/revisions"}],"predecessor-version":[{"id":3783,"href":"https:\/\/heddabp.fi\/en\/wp-json\/wp\/v2\/pages\/633\/revisions\/3783"}],"wp:attachment":[{"href":"https:\/\/heddabp.fi\/en\/wp-json\/wp\/v2\/media?parent=633"}],"curies":[{"name":"wp","href":"https:\/\/api.w.org\/{rel}","templated":true}]}}